{"id":139,"date":"2022-10-04T08:11:41","date_gmt":"2022-10-04T08:11:41","guid":{"rendered":"https:\/\/strukturarchitekten.de\/?page_id=139"},"modified":"2022-10-04T09:50:03","modified_gmt":"2022-10-04T09:50:03","slug":"impressum","status":"publish","type":"page","link":"https:\/\/strukturarchitekten.de\/?page_id=139","title":{"rendered":"Impressum"},"content":{"rendered":"\t\t<div data-elementor-type=\"wp-page\" data-elementor-id=\"139\" class=\"elementor elementor-139\" data-elementor-settings=\"[]\">\n\t\t\t\t\t\t\t<div class=\"elementor-section-wrap\">\n\t\t\t\t\t\t\t<section class=\"elementor-section elementor-top-section elementor-element elementor-element-f1e78f2 elementor-section-boxed elementor-section-height-default elementor-section-height-default\" data-id=\"f1e78f2\" data-element_type=\"section\">\n\t\t\t\t\t\t<div class=\"elementor-container elementor-column-gap-default\">\n\t\t\t\t\t<div class=\"elementor-column elementor-col-100 elementor-top-column elementor-element elementor-element-4b6d254d\" data-id=\"4b6d254d\" data-element_type=\"column\">\n\t\t\t<div class=\"elementor-widget-wrap elementor-element-populated\">\n\t\t\t\t\t\t\t\t<div class=\"elementor-element elementor-element-6e2bc710 elementor-widget elementor-widget-text-editor\" data-id=\"6e2bc710\" data-element_type=\"widget\" data-widget_type=\"text-editor.default\">\n\t\t\t\t<div class=\"elementor-widget-container\">\n\t\t\t\t\t\t\t<p><!-- wp:paragraph --><\/p>\n<p>frechverlag GmbH<br>Dieselstra\u00dfe 5<br>70839 Gerlingen<\/p>\n<p>Telefon: 0711\/83086-0<br>Telefax: 0711\/83086-86<\/p>\n<p><!-- \/wp:paragraph --><\/p>\n<p><!-- wp:paragraph --><\/p>\n<p>Fragen zum Produkt: hilfe[at]frechverlag.de<br>Fragen zur Bestellung: info[at]topp-kreativ.de<br>Anfragen f\u00fcr H\u00e4ndler: kundenservice[at]frechverlag.de<\/p>\n<p>Vertretungsberechtigte Gesch\u00e4ftsf\u00fchrer:<br>Michael Zirn<br>Dr. Tobias Winstel<\/p>\n<p><!-- \/wp:paragraph --><\/p>\n<p><!-- wp:paragraph --><\/p>\n<p>Registergericht:<br>Amtsgericht Stuttgart, HRB 6436<\/p>\n<p><!-- \/wp:paragraph --><\/p>\n<p><!-- wp:paragraph --><\/p>\n<p>Umsatzsteuer-Identifikationsnummer gem\u00e4\u00df \u00a7 27 a Umsatzsteuergesetz:<br>DE 147509267<\/p>\n<p><!-- \/wp:paragraph --><\/p>\n<p><!-- wp:paragraph --><\/p>\n<p>Verantwortlich gem\u00e4\u00df \u00a7 55 RStV:<br>Michael Zirn<br>Dieselstra\u00dfe 5<br>70839 Gerlingen<br><\/p>\n<p><!-- \/wp:paragraph --><\/p>\n<p><!-- wp:paragraph --><\/p>\n<p>Bildnachweis:<br>frechverlag GmbH aus Stuttgart sowie lichtpunkt\/Michael Ruder aus Stuttgart.<\/p>\n<p><!-- \/wp:paragraph --><\/p>\n<p><!-- wp:paragraph --><\/p>\n<p>Haftungshinweis:<br>Trotz sorgf\u00e4ltiger inhaltlicher Kontrolle \u00fcbernehmen wir keine Haftung f\u00fcr die Inhalte externer Links. F\u00fcr den Inhalt der verlinkten Seiten sind ausschlie\u00dflich deren Betreiber verantwortlich.Ab dem 15. Februar 2016 stellt die EU-Kommission gem\u00e4\u00df Art. 14 Abs. 1 ODR-VO eine Plattform f\u00fcr au\u00dfergerichtliche Streitschlichtung bereit (sog. &#8222;OS-Plattform&#8220;). Verbrauchern gibt dies die M\u00f6glichkeit, Streitigkeiten im Zusammenhang mit Ihrer Online-Bestellung zun\u00e4chst ohne die Einschaltung eines Gerichts zu kl\u00e4ren. Die Streitbeilegungs-Plattform ist unter dem externen Link&nbsp;<a href=\"http:\/\/ec.europa.eu\/consumers\/odr\/\">http:\/\/ec.europa.eu\/consumers\/odr\/<\/a>&nbsp;erreichbar. Zur Teilnahme an einem Streitbeilegungsverfahren vor einer Verbraucherschlichtungsstelle sind wir nicht verpflichtet und nicht bereit.<\/p>\n<p><!-- \/wp:paragraph --><\/p>\t\t\t\t\t\t<\/div>\n\t\t\t\t<\/div>\n\t\t\t\t\t<\/div>\n\t\t<\/div>\n\t\t\t\t\t\t\t<\/div>\n\t\t<\/section>\n\t\t\t\t\t\t<\/div>\n\t\t\t\t\t<\/div>\n\t\t","protected":false},"excerpt":{"rendered":"<p>frechverlag GmbHDieselstra\u00dfe 570839 Gerlingen Telefon: 0711\/83086-0Telefax: 0711\/83086-86 Fragen zum Produkt: hilfe[at]frechverlag.deFragen zur Bestellung: info[at]topp-kreativ.deAnfragen f\u00fcr H\u00e4ndler: kundenservice[at]frechverlag.de Vertretungsberechtigte Gesch\u00e4ftsf\u00fchrer:Michael ZirnDr. Tobias Winstel Registergericht:Amtsgericht Stuttgart, HRB 6436 Umsatzsteuer-Identifikationsnummer gem\u00e4\u00df \u00a7 27 a Umsatzsteuergesetz:DE 147509267 Verantwortlich gem\u00e4\u00df \u00a7 55 RStV:Michael ZirnDieselstra\u00dfe 570839 Gerlingen Bildnachweis:frechverlag GmbH aus Stuttgart sowie lichtpunkt\/Michael Ruder aus Stuttgart. Haftungshinweis:Trotz sorgf\u00e4ltiger inhaltlicher Kontrolle \u00fcbernehmen [&hellip;]<\/p>\n","protected":false},"author":1,"featured_media":0,"parent":0,"menu_order":0,"comment_status":"closed","ping_status":"closed","template":"","meta":[],"_links":{"self":[{"href":"https:\/\/strukturarchitekten.de\/index.php?rest_route=\/wp\/v2\/pages\/139"}],"collection":[{"href":"https:\/\/strukturarchitekten.de\/index.php?rest_route=\/wp\/v2\/pages"}],"about":[{"href":"https:\/\/strukturarchitekten.de\/index.php?rest_route=\/wp\/v2\/types\/page"}],"author":[{"embeddable":true,"href":"https:\/\/strukturarchitekten.de\/index.php?rest_route=\/wp\/v2\/users\/1"}],"replies":[{"embeddable":true,"href":"https:\/\/strukturarchitekten.de\/index.php?rest_route=%2Fwp%2Fv2%2Fcomments&post=139"}],"version-history":[{"count":10,"href":"https:\/\/strukturarchitekten.de\/index.php?rest_route=\/wp\/v2\/pages\/139\/revisions"}],"predecessor-version":[{"id":159,"href":"https:\/\/strukturarchitekten.de\/index.php?rest_route=\/wp\/v2\/pages\/139\/revisions\/159"}],"wp:attachment":[{"href":"https:\/\/strukturarchitekten.de\/index.php?rest_route=%2Fwp%2Fv2%2Fmedia&parent=139"}],"curies":[{"name":"wp","href":"https:\/\/api.w.org\/{rel}","templated":true}]}}